{"id":158,"date":"2024-12-30T17:18:39","date_gmt":"2024-12-30T16:18:39","guid":{"rendered":"https:\/\/mlmyugp.cluster100.hosting.ovh.net\/fr\/?page_id=158"},"modified":"2025-02-05T13:22:35","modified_gmt":"2025-02-05T12:22:35","slug":"realiser-en-contractant-general","status":"publish","type":"page","link":"https:\/\/www.projectivearchitecture.fr\/fr\/services\/realiser-en-contractant-general\/","title":{"rendered":"R\u00e9aliser en contractant g\u00e9n\u00e9ral"},"content":{"rendered":"\n<section class=\"obj_section section_text-image\">\n\t<div class=\"ctn_section\">\n\n\t\t<picture class=\"ctn_image\">\n\t\t\t\t\t\t<source srcset=\"https:\/\/www.projectivearchitecture.fr\/fr\/wp-content\/uploads\/2025\/01\/620x500_Piloteren360.jpg\" media=\"(max-width:767px)\">\n\t\t\t<img decoding=\"async\" src=\"https:\/\/www.projectivearchitecture.fr\/fr\/wp-content\/uploads\/2025\/01\/620x500_Piloteren360.jpg\" alt=\"\"\/>\n\t\t<\/picture>\n\n\t\t<div class=\"ctn_text\">\n\n\t\t\t\t\t\t\t<div class=\"ctn_title\">\n\t\t\t\t\t<h3 class=\"t_title\">Piloter en 360\u00b0<\/h3>\n\t\t\t\t<\/div>\n\t\t\t\n\t\t\t\t\t\t\t<div class=\"ctn_subtitles\">\n\t\t\t\t\t\t\t\t\t\t\t<h3 class=\"t_subtitle\">Ordonnancement<\/h3>\n\t\t\t\t\t\t\t\t\t\t\t<h3 class=\"t_subtitle\">Coordination<\/h3>\n\t\t\t\t\t\t\t\t\t\t\t<h3 class=\"t_subtitle\">Contr\u00f4le<\/h3>\n\t\t\t\t\t\t\t\t\t<\/div>\n\t\t\t\n\t\t\t<p>Le chantier d\u2019un projet innovant est pluridisciplinaire : organisationnel, digital et spatial, et donc assur\u00e9 par une \u00e9quipe pluridisciplinaire. Nous assurons le pilotage de l\u2019ensemble de vos travaux ainsi que de vos lots. Nous veillons \u00e0 la bonne ex\u00e9cution de vos travaux dans le respect de vos d\u00e9lais et de vos budgets ; nous vous aidons \u00e0 la mise en service ; nous accompagnons les utilisateurs \u00e0 s\u2019approprier et \u00e0 ajuster les lieux dans son exploitation.<\/p>\n\n\t\t<\/div>\n\t\t\n\t<\/div>\n<\/section>\n\n\n<section class=\"obj_section section_text-image\">\n\t<div class=\"ctn_section\">\n\n\t\t<picture class=\"ctn_image\">\n\t\t\t\t\t\t<source srcset=\"https:\/\/www.projectivearchitecture.fr\/fr\/wp-content\/uploads\/2025\/01\/620x500_convevoirlalogistique.jpg\" media=\"(max-width:767px)\">\n\t\t\t<img decoding=\"async\" src=\"https:\/\/www.projectivearchitecture.fr\/fr\/wp-content\/uploads\/2025\/01\/620x500_convevoirlalogistique.jpg\" alt=\"\"\/>\n\t\t<\/picture>\n\n\t\t<div class=\"ctn_text\">\n\n\t\t\t\t\t\t\t<div class=\"ctn_title\">\n\t\t\t\t\t<h3 class=\"t_title\">Concevoir la logistique<\/h3>\n\t\t\t\t<\/div>\n\t\t\t\n\t\t\t\t\t\t\t<div class=\"ctn_subtitles\">\n\t\t\t\t\t\t\t\t\t\t\t<h3 class=\"t_subtitle\">Rigueur<\/h3>\n\t\t\t\t\t\t\t\t\t\t\t<h3 class=\"t_subtitle\">Continuit\u00e9<\/h3>\n\t\t\t\t\t\t\t\t\t\t\t<h3 class=\"t_subtitle\">R\u00e9activit\u00e9<\/h3>\n\t\t\t\t\t\t\t\t\t<\/div>\n\t\t\t\n\t\t\t<p>Un transfert est bien plus qu\u2019un d\u00e9m\u00e9nagement ; il se s\u00e9quence dans le temps, s\u2019organise, se coordonne. Nous organisons l\u2019ensemble des op\u00e9rations logistiques, pilotons, heure par heure, de jour comme de nuit, les nombreux acteurs du mouvement, et effectuons ces op\u00e9rations sans interrompre votre activit\u00e9.<\/p>\n\n\t\t<\/div>\n\t\t\n\t<\/div>\n<\/section>","protected":false},"excerpt":{"rendered":"","protected":false},"author":1,"featured_media":0,"parent":65,"menu_order":5,"comment_status":"closed","ping_status":"closed","template":"template-service.php","meta":{"_acf_changed":false,"footnotes":""},"class_list":["post-158","page","type-page","status-publish","hentry"],"acf":[],"yoast_head":"<!-- This site is optimized with the Yoast SEO plugin v27.4 - https:\/\/yoast.com\/product\/yoast-seo-wordpress\/ -->\n<title>R\u00e9aliser en contractant g\u00e9n\u00e9ral - Projective Architecture<\/title>\n<meta name=\"robots\" content=\"index, follow, max-snippet:-1, max-image-preview:large, max-video-preview:-1\" \/>\n<link rel=\"canonical\" href=\"https:\/\/www.projectivearchitecture.fr\/fr\/services\/realiser-en-contractant-general\/\" \/>\n<meta property=\"og:locale\" content=\"fr_FR\" \/>\n<meta property=\"og:type\" content=\"article\" \/>\n<meta property=\"og:title\" content=\"R\u00e9aliser en contractant g\u00e9n\u00e9ral - Projective Architecture\" \/>\n<meta property=\"og:url\" content=\"https:\/\/www.projectivearchitecture.fr\/fr\/services\/realiser-en-contractant-general\/\" \/>\n<meta property=\"og:site_name\" content=\"Projective Architecture\" \/>\n<meta property=\"article:modified_time\" content=\"2025-02-05T12:22:35+00:00\" \/>\n<meta name=\"twitter:card\" content=\"summary_large_image\" \/>\n<script type=\"application\/ld+json\" class=\"yoast-schema-graph\">{\"@context\":\"https:\\\/\\\/schema.org\",\"@graph\":[{\"@type\":\"WebPage\",\"@id\":\"https:\\\/\\\/www.projectivearchitecture.fr\\\/fr\\\/services\\\/realiser-en-contractant-general\\\/\",\"url\":\"https:\\\/\\\/www.projectivearchitecture.fr\\\/fr\\\/services\\\/realiser-en-contractant-general\\\/\",\"name\":\"R\u00e9aliser en contractant g\u00e9n\u00e9ral - Projective Architecture\",\"isPartOf\":{\"@id\":\"https:\\\/\\\/www.projectivearchitecture.fr\\\/fr\\\/#website\"},\"datePublished\":\"2024-12-30T16:18:39+00:00\",\"dateModified\":\"2025-02-05T12:22:35+00:00\",\"breadcrumb\":{\"@id\":\"https:\\\/\\\/www.projectivearchitecture.fr\\\/fr\\\/services\\\/realiser-en-contractant-general\\\/#breadcrumb\"},\"inLanguage\":\"fr-FR\",\"potentialAction\":[{\"@type\":\"ReadAction\",\"target\":[\"https:\\\/\\\/www.projectivearchitecture.fr\\\/fr\\\/services\\\/realiser-en-contractant-general\\\/\"]}]},{\"@type\":\"BreadcrumbList\",\"@id\":\"https:\\\/\\\/www.projectivearchitecture.fr\\\/fr\\\/services\\\/realiser-en-contractant-general\\\/#breadcrumb\",\"itemListElement\":[{\"@type\":\"ListItem\",\"position\":1,\"name\":\"Accueil\",\"item\":\"https:\\\/\\\/www.projectivearchitecture.fr\\\/fr\\\/\"},{\"@type\":\"ListItem\",\"position\":2,\"name\":\"Services\",\"item\":\"https:\\\/\\\/www.projectivearchitecture.fr\\\/fr\\\/services\\\/\"},{\"@type\":\"ListItem\",\"position\":3,\"name\":\"R\u00e9aliser en contractant g\u00e9n\u00e9ral\"}]},{\"@type\":\"WebSite\",\"@id\":\"https:\\\/\\\/www.projectivearchitecture.fr\\\/fr\\\/#website\",\"url\":\"https:\\\/\\\/www.projectivearchitecture.fr\\\/fr\\\/\",\"name\":\"Projective Architecture\",\"description\":\"Acc\u00e9l\u00e9rateur d&#039;innovation\",\"potentialAction\":[{\"@type\":\"SearchAction\",\"target\":{\"@type\":\"EntryPoint\",\"urlTemplate\":\"https:\\\/\\\/www.projectivearchitecture.fr\\\/fr\\\/?s={search_term_string}\"},\"query-input\":{\"@type\":\"PropertyValueSpecification\",\"valueRequired\":true,\"valueName\":\"search_term_string\"}}],\"inLanguage\":\"fr-FR\"}]}<\/script>\n<!-- \/ Yoast SEO plugin. -->","yoast_head_json":{"title":"R\u00e9aliser en contractant g\u00e9n\u00e9ral - Projective Architecture","robots":{"index":"index","follow":"follow","max-snippet":"max-snippet:-1","max-image-preview":"max-image-preview:large","max-video-preview":"max-video-preview:-1"},"canonical":"https:\/\/www.projectivearchitecture.fr\/fr\/services\/realiser-en-contractant-general\/","og_locale":"fr_FR","og_type":"article","og_title":"R\u00e9aliser en contractant g\u00e9n\u00e9ral - Projective Architecture","og_url":"https:\/\/www.projectivearchitecture.fr\/fr\/services\/realiser-en-contractant-general\/","og_site_name":"Projective Architecture","article_modified_time":"2025-02-05T12:22:35+00:00","twitter_card":"summary_large_image","schema":{"@context":"https:\/\/schema.org","@graph":[{"@type":"WebPage","@id":"https:\/\/www.projectivearchitecture.fr\/fr\/services\/realiser-en-contractant-general\/","url":"https:\/\/www.projectivearchitecture.fr\/fr\/services\/realiser-en-contractant-general\/","name":"R\u00e9aliser en contractant g\u00e9n\u00e9ral - Projective Architecture","isPartOf":{"@id":"https:\/\/www.projectivearchitecture.fr\/fr\/#website"},"datePublished":"2024-12-30T16:18:39+00:00","dateModified":"2025-02-05T12:22:35+00:00","breadcrumb":{"@id":"https:\/\/www.projectivearchitecture.fr\/fr\/services\/realiser-en-contractant-general\/#breadcrumb"},"inLanguage":"fr-FR","potentialAction":[{"@type":"ReadAction","target":["https:\/\/www.projectivearchitecture.fr\/fr\/services\/realiser-en-contractant-general\/"]}]},{"@type":"BreadcrumbList","@id":"https:\/\/www.projectivearchitecture.fr\/fr\/services\/realiser-en-contractant-general\/#breadcrumb","itemListElement":[{"@type":"ListItem","position":1,"name":"Accueil","item":"https:\/\/www.projectivearchitecture.fr\/fr\/"},{"@type":"ListItem","position":2,"name":"Services","item":"https:\/\/www.projectivearchitecture.fr\/fr\/services\/"},{"@type":"ListItem","position":3,"name":"R\u00e9aliser en contractant g\u00e9n\u00e9ral"}]},{"@type":"WebSite","@id":"https:\/\/www.projectivearchitecture.fr\/fr\/#website","url":"https:\/\/www.projectivearchitecture.fr\/fr\/","name":"Projective Architecture","description":"Acc\u00e9l\u00e9rateur d&#039;innovation","potentialAction":[{"@type":"SearchAction","target":{"@type":"EntryPoint","urlTemplate":"https:\/\/www.projectivearchitecture.fr\/fr\/?s={search_term_string}"},"query-input":{"@type":"PropertyValueSpecification","valueRequired":true,"valueName":"search_term_string"}}],"inLanguage":"fr-FR"}]}},"_links":{"self":[{"href":"https:\/\/www.projectivearchitecture.fr\/fr\/wp-json\/wp\/v2\/pages\/158","targetHints":{"allow":["GET"]}}],"collection":[{"href":"https:\/\/www.projectivearchitecture.fr\/fr\/wp-json\/wp\/v2\/pages"}],"about":[{"href":"https:\/\/www.projectivearchitecture.fr\/fr\/wp-json\/wp\/v2\/types\/page"}],"author":[{"embeddable":true,"href":"https:\/\/www.projectivearchitecture.fr\/fr\/wp-json\/wp\/v2\/users\/1"}],"replies":[{"embeddable":true,"href":"https:\/\/www.projectivearchitecture.fr\/fr\/wp-json\/wp\/v2\/comments?post=158"}],"version-history":[{"count":8,"href":"https:\/\/www.projectivearchitecture.fr\/fr\/wp-json\/wp\/v2\/pages\/158\/revisions"}],"predecessor-version":[{"id":770,"href":"https:\/\/www.projectivearchitecture.fr\/fr\/wp-json\/wp\/v2\/pages\/158\/revisions\/770"}],"up":[{"embeddable":true,"href":"https:\/\/www.projectivearchitecture.fr\/fr\/wp-json\/wp\/v2\/pages\/65"}],"wp:attachment":[{"href":"https:\/\/www.projectivearchitecture.fr\/fr\/wp-json\/wp\/v2\/media?parent=158"}],"curies":[{"name":"wp","href":"https:\/\/api.w.org\/{rel}","templated":true}]}}