{"id":157,"date":"2024-12-30T17:16:55","date_gmt":"2024-12-30T16:16:55","guid":{"rendered":"https:\/\/mlmyugp.cluster100.hosting.ovh.net\/fr\/?page_id=157"},"modified":"2025-02-05T13:22:08","modified_gmt":"2025-02-05T12:22:08","slug":"manager-un-projet-d-innovation","status":"publish","type":"page","link":"https:\/\/www.projectivearchitecture.fr\/fr\/services\/manager-un-projet-d-innovation\/","title":{"rendered":"Manager un projet d&rsquo;innovation"},"content":{"rendered":"\n<section class=\"obj_section section_text-image\">\n\t<div class=\"ctn_section\">\n\n\t\t<picture class=\"ctn_image\">\n\t\t\t\t\t\t<source srcset=\"https:\/\/www.projectivearchitecture.fr\/fr\/wp-content\/uploads\/2025\/01\/620x500_Manager-un-projet.jpg\" media=\"(max-width:767px)\">\n\t\t\t<img decoding=\"async\" src=\"https:\/\/www.projectivearchitecture.fr\/fr\/wp-content\/uploads\/2025\/01\/620x500_Manager-un-projet.jpg\" alt=\"\"\/>\n\t\t<\/picture>\n\n\t\t<div class=\"ctn_text\">\n\n\t\t\t\t\t\t\t<div class=\"ctn_title\">\n\t\t\t\t\t<h3 class=\"t_title\">Auditer en 360\u00b0<\/h3>\n\t\t\t\t<\/div>\n\t\t\t\n\t\t\t\t\t\t\t<div class=\"ctn_subtitles\">\n\t\t\t\t\t\t\t\t\t\t\t<h3 class=\"t_subtitle\">Analyser<\/h3>\n\t\t\t\t\t\t\t\t\t\t\t<h3 class=\"t_subtitle\">Mesurer<\/h3>\n\t\t\t\t\t\t\t\t\t\t\t<h3 class=\"t_subtitle\">Proposer<\/h3>\n\t\t\t\t\t\t\t\t\t<\/div>\n\t\t\t\n\t\t\t<p>Face \u00e0 l\u2019acc\u00e9l\u00e9ration du quotidien, il est n\u00e9cessaire de fixer l\u2019existant, mesurer les challenges, leurs incidences sur les \u00e9quipes et leur mode de fonctionnement. Nous auditons\u00a0votre organisation, et vos environnements de travail existants pour d\u00e9terminer les forces et faiblesses de votre \u00e9cosyst\u00e8me d\u2019innovation\u00a0que nous synth\u00e9tisons sous la forme d\u2019un bilan global, puis vous proposons diff\u00e9rents sc\u00e9narios pour r\u00e9pondre \u00e0 vos probl\u00e9matiques.<\/p>\n\n\t\t<\/div>\n\t\t\n\t<\/div>\n<\/section>\n\n\n<section class=\"obj_section section_text-image\">\n\t<div class=\"ctn_section\">\n\n\t\t<picture class=\"ctn_image\">\n\t\t\t\t\t\t<source srcset=\"https:\/\/www.projectivearchitecture.fr\/fr\/wp-content\/uploads\/2025\/01\/620x500_Auditeren360-.jpg\" media=\"(max-width:767px)\">\n\t\t\t<img decoding=\"async\" src=\"https:\/\/www.projectivearchitecture.fr\/fr\/wp-content\/uploads\/2025\/01\/620x500_Auditeren360-.jpg\" alt=\"\"\/>\n\t\t<\/picture>\n\n\t\t<div class=\"ctn_text\">\n\n\t\t\t\t\t\t\t<div class=\"ctn_title\">\n\t\t\t\t\t<h3 class=\"t_title\">Manager un projet<\/h3>\n\t\t\t\t<\/div>\n\t\t\t\n\t\t\t\t\t\t\t<div class=\"ctn_subtitles\">\n\t\t\t\t\t\t\t\t\t\t\t<h3 class=\"t_subtitle\">Planifier<\/h3>\n\t\t\t\t\t\t\t\t\t\t\t<h3 class=\"t_subtitle\">Piloter<\/h3>\n\t\t\t\t\t\t\t\t\t\t\t<h3 class=\"t_subtitle\">Anticiper<\/h3>\n\t\t\t\t\t\t\t\t\t<\/div>\n\t\t\t\n\t\t\t<p>Tous les projets d\u2019innovation doivent respecter des \u00e9ch\u00e9ances serr\u00e9es, des budgets\u00a0contraints et des objectifs ambitieux. Par cons\u00e9quent, nous nous assurons chaque semaine de suivre et piloter l\u2019avancement du projet, en mettant rigoureusement en coh\u00e9rence le planning, le budget et les r\u00e9actions en cha\u00eene, avec les acteurs internes et externes identifi\u00e9s.<\/p>\n\n\t\t<\/div>\n\t\t\n\t<\/div>\n<\/section>\n\n\n<section class=\"obj_section section_text-image\">\n\t<div class=\"ctn_section\">\n\n\t\t<picture class=\"ctn_image\">\n\t\t\t\t\t\t<source srcset=\"https:\/\/www.projectivearchitecture.fr\/fr\/wp-content\/uploads\/2025\/01\/620x500_Rechercher-les-Competences.jpg\" media=\"(max-width:767px)\">\n\t\t\t<img decoding=\"async\" src=\"https:\/\/www.projectivearchitecture.fr\/fr\/wp-content\/uploads\/2025\/01\/620x500_Rechercher-les-Competences.jpg\" alt=\"\"\/>\n\t\t<\/picture>\n\n\t\t<div class=\"ctn_text\">\n\n\t\t\t\t\t\t\t<div class=\"ctn_title\">\n\t\t\t\t\t<h3 class=\"t_title\">Rechercher les comp\u00e9tences, technologies et espaces<\/h3>\n\t\t\t\t<\/div>\n\t\t\t\n\t\t\t\t\t\t\t<div class=\"ctn_subtitles\">\n\t\t\t\t\t\t\t\t\t\t\t<h3 class=\"t_subtitle\">Red\u00e9finir<\/h3>\n\t\t\t\t\t\t\t\t\t\t\t<h3 class=\"t_subtitle\">S\u00e9lectionner<\/h3>\n\t\t\t\t\t\t\t\t\t\t\t<h3 class=\"t_subtitle\">Connecter<\/h3>\n\t\t\t\t\t\t\t\t\t<\/div>\n\t\t\t\n\t\t\t<p>L\u2019innovation n\u00e9cessite souvent de sp\u00e9cifier les ressources et les postes qui n\u2019existent pas encore dans l\u2019entreprise et de (re)d\u00e9finir les nouveaux outils digitaux et le programme de recherche immobili\u00e8re en fonction des contraintes et des besoins. Nous nous chargeons de b\u00e2tir le cahier des charges de recherche des sites, mettre en place une m\u00e9thodologie et un r\u00e9seau de partenaires d\u00e9di\u00e9s, correspondant \u00e0 vos besoins.<\/p>\n\n\t\t<\/div>\n\t\t\n\t<\/div>\n<\/section>","protected":false},"excerpt":{"rendered":"","protected":false},"author":1,"featured_media":0,"parent":65,"menu_order":1,"comment_status":"closed","ping_status":"closed","template":"template-service.php","meta":{"_acf_changed":false,"footnotes":""},"class_list":["post-157","page","type-page","status-publish","hentry"],"acf":[],"yoast_head":"<!-- This site is optimized with the Yoast SEO plugin v27.5 - https:\/\/yoast.com\/product\/yoast-seo-wordpress\/ -->\n<title>Manager un projet d&#039;innovation - Projective Architecture<\/title>\n<meta name=\"robots\" content=\"index, follow, max-snippet:-1, max-image-preview:large, max-video-preview:-1\" \/>\n<link rel=\"canonical\" href=\"https:\/\/www.projectivearchitecture.fr\/fr\/services\/manager-un-projet-d-innovation\/\" \/>\n<meta property=\"og:locale\" content=\"fr_FR\" \/>\n<meta property=\"og:type\" content=\"article\" \/>\n<meta property=\"og:title\" content=\"Manager un projet d&#039;innovation - Projective Architecture\" \/>\n<meta property=\"og:url\" content=\"https:\/\/www.projectivearchitecture.fr\/fr\/services\/manager-un-projet-d-innovation\/\" \/>\n<meta property=\"og:site_name\" content=\"Projective Architecture\" \/>\n<meta property=\"article:modified_time\" content=\"2025-02-05T12:22:08+00:00\" \/>\n<meta name=\"twitter:card\" content=\"summary_large_image\" \/>\n<script type=\"application\/ld+json\" class=\"yoast-schema-graph\">{\"@context\":\"https:\\\/\\\/schema.org\",\"@graph\":[{\"@type\":\"WebPage\",\"@id\":\"https:\\\/\\\/www.projectivearchitecture.fr\\\/fr\\\/services\\\/manager-un-projet-d-innovation\\\/\",\"url\":\"https:\\\/\\\/www.projectivearchitecture.fr\\\/fr\\\/services\\\/manager-un-projet-d-innovation\\\/\",\"name\":\"Manager un projet d'innovation - Projective Architecture\",\"isPartOf\":{\"@id\":\"https:\\\/\\\/www.projectivearchitecture.fr\\\/fr\\\/#website\"},\"datePublished\":\"2024-12-30T16:16:55+00:00\",\"dateModified\":\"2025-02-05T12:22:08+00:00\",\"breadcrumb\":{\"@id\":\"https:\\\/\\\/www.projectivearchitecture.fr\\\/fr\\\/services\\\/manager-un-projet-d-innovation\\\/#breadcrumb\"},\"inLanguage\":\"fr-FR\",\"potentialAction\":[{\"@type\":\"ReadAction\",\"target\":[\"https:\\\/\\\/www.projectivearchitecture.fr\\\/fr\\\/services\\\/manager-un-projet-d-innovation\\\/\"]}]},{\"@type\":\"BreadcrumbList\",\"@id\":\"https:\\\/\\\/www.projectivearchitecture.fr\\\/fr\\\/services\\\/manager-un-projet-d-innovation\\\/#breadcrumb\",\"itemListElement\":[{\"@type\":\"ListItem\",\"position\":1,\"name\":\"Accueil\",\"item\":\"https:\\\/\\\/www.projectivearchitecture.fr\\\/fr\\\/\"},{\"@type\":\"ListItem\",\"position\":2,\"name\":\"Services\",\"item\":\"https:\\\/\\\/www.projectivearchitecture.fr\\\/fr\\\/services\\\/\"},{\"@type\":\"ListItem\",\"position\":3,\"name\":\"Manager un projet d&rsquo;innovation\"}]},{\"@type\":\"WebSite\",\"@id\":\"https:\\\/\\\/www.projectivearchitecture.fr\\\/fr\\\/#website\",\"url\":\"https:\\\/\\\/www.projectivearchitecture.fr\\\/fr\\\/\",\"name\":\"Projective Architecture\",\"description\":\"Acc\u00e9l\u00e9rateur d&#039;innovation\",\"potentialAction\":[{\"@type\":\"SearchAction\",\"target\":{\"@type\":\"EntryPoint\",\"urlTemplate\":\"https:\\\/\\\/www.projectivearchitecture.fr\\\/fr\\\/?s={search_term_string}\"},\"query-input\":{\"@type\":\"PropertyValueSpecification\",\"valueRequired\":true,\"valueName\":\"search_term_string\"}}],\"inLanguage\":\"fr-FR\"}]}<\/script>\n<!-- \/ Yoast SEO plugin. -->","yoast_head_json":{"title":"Manager un projet d'innovation - Projective Architecture","robots":{"index":"index","follow":"follow","max-snippet":"max-snippet:-1","max-image-preview":"max-image-preview:large","max-video-preview":"max-video-preview:-1"},"canonical":"https:\/\/www.projectivearchitecture.fr\/fr\/services\/manager-un-projet-d-innovation\/","og_locale":"fr_FR","og_type":"article","og_title":"Manager un projet d'innovation - Projective Architecture","og_url":"https:\/\/www.projectivearchitecture.fr\/fr\/services\/manager-un-projet-d-innovation\/","og_site_name":"Projective Architecture","article_modified_time":"2025-02-05T12:22:08+00:00","twitter_card":"summary_large_image","schema":{"@context":"https:\/\/schema.org","@graph":[{"@type":"WebPage","@id":"https:\/\/www.projectivearchitecture.fr\/fr\/services\/manager-un-projet-d-innovation\/","url":"https:\/\/www.projectivearchitecture.fr\/fr\/services\/manager-un-projet-d-innovation\/","name":"Manager un projet d'innovation - Projective Architecture","isPartOf":{"@id":"https:\/\/www.projectivearchitecture.fr\/fr\/#website"},"datePublished":"2024-12-30T16:16:55+00:00","dateModified":"2025-02-05T12:22:08+00:00","breadcrumb":{"@id":"https:\/\/www.projectivearchitecture.fr\/fr\/services\/manager-un-projet-d-innovation\/#breadcrumb"},"inLanguage":"fr-FR","potentialAction":[{"@type":"ReadAction","target":["https:\/\/www.projectivearchitecture.fr\/fr\/services\/manager-un-projet-d-innovation\/"]}]},{"@type":"BreadcrumbList","@id":"https:\/\/www.projectivearchitecture.fr\/fr\/services\/manager-un-projet-d-innovation\/#breadcrumb","itemListElement":[{"@type":"ListItem","position":1,"name":"Accueil","item":"https:\/\/www.projectivearchitecture.fr\/fr\/"},{"@type":"ListItem","position":2,"name":"Services","item":"https:\/\/www.projectivearchitecture.fr\/fr\/services\/"},{"@type":"ListItem","position":3,"name":"Manager un projet d&rsquo;innovation"}]},{"@type":"WebSite","@id":"https:\/\/www.projectivearchitecture.fr\/fr\/#website","url":"https:\/\/www.projectivearchitecture.fr\/fr\/","name":"Projective Architecture","description":"Acc\u00e9l\u00e9rateur d&#039;innovation","potentialAction":[{"@type":"SearchAction","target":{"@type":"EntryPoint","urlTemplate":"https:\/\/www.projectivearchitecture.fr\/fr\/?s={search_term_string}"},"query-input":{"@type":"PropertyValueSpecification","valueRequired":true,"valueName":"search_term_string"}}],"inLanguage":"fr-FR"}]}},"_links":{"self":[{"href":"https:\/\/www.projectivearchitecture.fr\/fr\/wp-json\/wp\/v2\/pages\/157","targetHints":{"allow":["GET"]}}],"collection":[{"href":"https:\/\/www.projectivearchitecture.fr\/fr\/wp-json\/wp\/v2\/pages"}],"about":[{"href":"https:\/\/www.projectivearchitecture.fr\/fr\/wp-json\/wp\/v2\/types\/page"}],"author":[{"embeddable":true,"href":"https:\/\/www.projectivearchitecture.fr\/fr\/wp-json\/wp\/v2\/users\/1"}],"replies":[{"embeddable":true,"href":"https:\/\/www.projectivearchitecture.fr\/fr\/wp-json\/wp\/v2\/comments?post=157"}],"version-history":[{"count":8,"href":"https:\/\/www.projectivearchitecture.fr\/fr\/wp-json\/wp\/v2\/pages\/157\/revisions"}],"predecessor-version":[{"id":767,"href":"https:\/\/www.projectivearchitecture.fr\/fr\/wp-json\/wp\/v2\/pages\/157\/revisions\/767"}],"up":[{"embeddable":true,"href":"https:\/\/www.projectivearchitecture.fr\/fr\/wp-json\/wp\/v2\/pages\/65"}],"wp:attachment":[{"href":"https:\/\/www.projectivearchitecture.fr\/fr\/wp-json\/wp\/v2\/media?parent=157"}],"curies":[{"name":"wp","href":"https:\/\/api.w.org\/{rel}","templated":true}]}}